{"id":140,"date":"2021-06-22T22:56:59","date_gmt":"2021-06-22T20:56:59","guid":{"rendered":"http:\/\/restaurant-am-wellenbad.de\/?page_id=140"},"modified":"2026-02-15T11:32:04","modified_gmt":"2026-02-15T10:32:04","slug":"restaurant-am-wellenbad","status":"publish","type":"page","link":"https:\/\/restaurant-am-wellenbad.de\/","title":{"rendered":"Restaurant am Wellenbad"},"content":{"rendered":"\t\t<div data-elementor-type=\"wp-page\" data-elementor-id=\"140\" class=\"elementor elementor-140\" data-elementor-settings=\"[]\">\n\t\t\t\t\t\t\t<div class=\"elementor-section-wrap\">\n\t\t\t\t\t\t\t<section class=\"elementor-section elementor-top-section elementor-element elementor-element-3b855103 elementor-section-boxed elementor-section-height-default elementor-section-height-default\" data-id=\"3b855103\" data-element_type=\"section\">\n\t\t\t\t\t\t<div class=\"elementor-container elementor-column-gap-default\">\n\t\t\t\t\t<div class=\"elementor-column elementor-col-100 elementor-top-column elementor-element elementor-element-5142e84c\" data-id=\"5142e84c\" data-element_type=\"column\">\n\t\t\t<div class=\"elementor-widget-wrap elementor-element-populated\">\n\t\t\t\t\t\t\t\t<div class=\"elementor-element elementor-element-757d6cfe elementor-widget elementor-widget-text-editor\" data-id=\"757d6cfe\" data-element_type=\"widget\" data-widget_type=\"text-editor.default\">\n\t\t\t\t<div class=\"elementor-widget-container\">\n\t\t\t\t\t\t\t\t<h1>Guten Tag!<br \/>Willkommen auf unserer der Seite zum Restaurant am Ellwanger Wellenbad<\/h1><h2>\u00d6ffnungszeiten!<\/h2><h2>Wir sind, abgesehen von Montag, die ganze Woche f\u00fcr Sie da.<\/h2><p>Von Dienstag bis Samstag: immer von 17 Uhr bis 21 Uhr<br \/>Sonn- und Feiertage: von 11 Uhr bis 21 Uhr<\/p><h2>Unser Men\u00fc<\/h2><h2>Frisch f\u00fcr Sie zubereitet!<\/h2><figure><img src=\"http:\/\/restaurant-am-wellenbad.de\/wp-content\/uploads\/elementor\/thumbs\/20210124_183326-2-p923w0q9vd7dyskti1gsg4qff5ggy83gzy2tzsjebk.jpg\" alt=\"20210124_183326.jpg\" \/><\/figure><figure><img src=\"http:\/\/restaurant-am-wellenbad.de\/wp-content\/uploads\/elementor\/thumbs\/IMG-20210118-WA0077-p90dafqadu7wj417uf0cxbcrjb2zeiiytqt9mby60w.jpg\" alt=\"IMG-20210118-WA0077\" \/><\/figure><figure><img src=\"http:\/\/restaurant-am-wellenbad.de\/wp-content\/uploads\/elementor\/thumbs\/IMG-20210117-WA0025-p90daesg706m7i2kzwlqctlaxx7m6tf8hm5s51zkg0.jpg\" alt=\"IMG-20210117-WA0025\" \/><\/figure><figure><img src=\"http:\/\/restaurant-am-wellenbad.de\/wp-content\/uploads\/elementor\/thumbs\/IMG_8894-p90dadum065bvw3y5e73sbtucjc8z4bi5hians0ym8.jpg\" alt=\"IMG_8894\" \/><\/figure><figure><img src=\"http:\/\/restaurant-am-wellenbad.de\/wp-content\/uploads\/elementor\/thumbs\/20210124_204638-p90dabyxmi2r8o6ogdduncax5rlijq41h87bp83qyo.jpg\" alt=\"20210124_204638\" \/><\/figure><figure><img src=\"http:\/\/restaurant-am-wellenbad.de\/wp-content\/uploads\/elementor\/thumbs\/20210124_183430-p90da3idwzr6c6iytrq7iwfrtar7mg6gg2bydqgaio.jpg\" alt=\"20210124_183430\" \/><\/figure><figure><img src=\"http:\/\/restaurant-am-wellenbad.de\/wp-content\/uploads\/elementor\/thumbs\/20210124_183349-p90da3idwzr6c6iytrq7iwfrtar7mg6gg2bydqgaio.jpg\" alt=\"20210124_183349\" \/><\/figure><p>Zur\u00fcck<br \/>Weiter<\/p><h2>Hauptspeisen<\/h2><h2>Panierte Schnitzel<\/h2><p>mit Pommes-Frites<\/p><h2>13,90\u20ac<\/h2><h2>Schnitzel ungarischer Art<\/h2><p>mit Pommes-Frites<\/p><h2>15,90\u20ac<\/h2><h2>J\u00e4gerschnitzel<\/h2><p>mit Sp\u00e4tzle<\/p><h2>15,90<\/h2><h2>Cordon Bleu vom Schwein<\/h2><p>mit Gem\u00fcse und Pommes-Frites<\/p><h2>18,50\u20ac<\/h2><h2>Schweinel\u00e4ndchen<\/h2><p>in Champignonrahmso\u00dfe mit Sp\u00e4tzle<\/p><h2>20,90\u20ac<\/h2><h2>Rumpsteak mit frisch gebratenen Champignons<\/h2><p>dazu Pommes-Frites<\/p><h2>24,90<\/h2><h2>Rumpsteak mit Kr\u00e4uterbutter<\/h2><p>dazu Pommes-Frites<\/p><h2>23.90\u20ac<\/h2><figure><img src=\"http:\/\/restaurant-am-wellenbad.de\/wp-content\/uploads\/elementor\/thumbs\/20210124_203028-p90dabyxmi2r8o6ogdduncax5rlijq41h87bp83ppo.jpg\" alt=\"20210124_203028\" \/><\/figure><figure><img src=\"http:\/\/restaurant-am-wellenbad.de\/wp-content\/uploads\/elementor\/thumbs\/20210124_202715-p90dab13fo1gx281luz82ujgkdq5c10b53ju7y53lc.jpg\" alt=\"20210124_202715\" \/><\/figure><figure><img src=\"http:\/\/restaurant-am-wellenbad.de\/wp-content\/uploads\/elementor\/thumbs\/20210124_202806-p90dabyxmi2r8o6ogdduncax5rlijq41h87bp83pgi.jpg\" alt=\"20210124_202806\" \/><\/figure><p>Zur\u00fcck<br \/>Weiter<\/p><h2>Fisch<\/h2><h2>Wolfsbarsch<\/h2><p>mit Gem\u00fcse und Salzkartoffeln<\/p><h2>19,90\u20ac<\/h2><h2>Dorade<\/h2><p>mit Gem\u00fcse und Salzkartoffeln<\/p><h2>19,90\u20ac<\/h2><h2>Zanderfilet<\/h2><p>mit Gem\u00fcse und Salzkartoffeln<\/p><h2>22,90\u20ac<\/h2><figure><img src=\"http:\/\/restaurant-am-wellenbad.de\/wp-content\/uploads\/elementor\/thumbs\/20210124_202024-p90da79qobwbmmdi7tcpsvhm6u8oh8ldskxwauapts.jpg\" alt=\"20210124_202024\" \/><\/figure><figure><img src=\"http:\/\/restaurant-am-wellenbad.de\/wp-content\/uploads\/elementor\/thumbs\/20210124_202331-p90da95f1zyw9uarwu5yxv0jdlzewmsugu8v9e7xhc.jpg\" alt=\"20210124_202331\" \/><\/figure><figure><img src=\"http:\/\/restaurant-am-wellenbad.de\/wp-content\/uploads\/elementor\/thumbs\/20210124_201626-1-p90da6bwhhv1b0evday38dq5lgdb9jhnggaetkc400.jpg\" alt=\"20210124_201626\" \/><\/figure><p>Zur\u00fcck<br \/>Weiter<\/p><h2>Aus dem Schwabenl\u00e4ndle<\/h2><h2>Ger\u00f6stete Maultaschen<\/h2><p>mit Ei<\/p><h2>9,90\u20ac<\/h2><h2>K\u00e4sesp\u00e4tzle mit Bergk\u00e4se<\/h2><p>dazu einen kleinen bunten Salat<\/p><h2>12,90\u20ac<\/h2><h2>Schw\u00e4bischer Zwiebelrostbraten<\/h2><p>mit Rostzwiebeln und Sp\u00e4tzle<\/p><h2>24,90\u20ac<\/h2><figure><img src=\"http:\/\/restaurant-am-wellenbad.de\/wp-content\/uploads\/elementor\/thumbs\/IMG-20210608-WA0012_1-p90dahlyriah6byhjftm2avoq2tptwqfi048kvvdxc.jpg\" alt=\"IMG-20210608-WA0012_1\" \/><\/figure><figure><img src=\"http:\/\/restaurant-am-wellenbad.de\/wp-content\/uploads\/elementor\/thumbs\/20210124_185032-p90da4g83tsgnshloa4u3e78eomku5a6s6zfv0ewcg.jpg\" alt=\"20210124_185032\" \/><\/figure><figure><img src=\"http:\/\/restaurant-am-wellenbad.de\/wp-content\/uploads\/elementor\/thumbs\/20210124_183640-p90da4g83tsgnshloa4u3e78eomku5a6s6zfv0ewcg.jpg\" alt=\"20210124_183640\" \/><\/figure><figure><img src=\"http:\/\/restaurant-am-wellenbad.de\/wp-content\/uploads\/elementor\/thumbs\/20210124_202136-p90da79qobwbmmdi7tcpsvhm6u8oh8ldskxwauapts.jpg\" alt=\"20210124_202136\" \/><\/figure><p>Zur\u00fcck<br \/>Weiter<\/p><h2>Frische Salate<\/h2><h2>Knackiger Salat mit Thunfisch und EI<\/h2><h2>12,90\u20ac<\/h2><h2>Salat G\u00f6ckele mit H\u00e4hnchenbruststreifen, Tomaten, Gurken und hausgemachten Dressing<\/h2><h2>13,90\u20ac<\/h2><h2>Pikanter Wurstsalat mit Brot<\/h2><h2>9,90\u20ac<\/h2><h2>Kleiner gemischter Salat<\/h2><h2>5,80\u20ac<\/h2><h2>Schaschlik<\/h2><h2>Noch hei\u00df vom offenen Grill<\/h2><h2>Auf unserer Terrasse befindet sich ein offener Grill. Auf diesem wir jedes Wochenende auf Wunsch f\u00fcr Sie Schaschlik vom Schwein, eingelegt in unserer hausgemachten Marinade, gegrillt.<\/h2><p><img loading=\"lazy\" src=\"http:\/\/restaurant-am-wellenbad.de\/wp-content\/uploads\/2021\/07\/IMG_20210622_181712-scaled.jpg\" sizes=\"(max-width: 2560px) 100vw, 2560px\" srcset=\"http:\/\/restaurant-am-wellenbad.de\/wp-content\/uploads\/2021\/07\/IMG_20210622_181712-scaled.jpg 2560w, http:\/\/restaurant-am-wellenbad.de\/wp-content\/uploads\/2021\/07\/IMG_20210622_181712-300x225.jpg 300w, http:\/\/restaurant-am-wellenbad.de\/wp-content\/uploads\/2021\/07\/IMG_20210622_181712-1024x768.jpg 1024w, http:\/\/restaurant-am-wellenbad.de\/wp-content\/uploads\/2021\/07\/IMG_20210622_181712-768x576.jpg 768w, http:\/\/restaurant-am-wellenbad.de\/wp-content\/uploads\/2021\/07\/IMG_20210622_181712-1536x1152.jpg 1536w, http:\/\/restaurant-am-wellenbad.de\/wp-content\/uploads\/2021\/07\/IMG_20210622_181712-2048x1536.jpg 2048w\" alt=\"\" width=\"2560\" height=\"1920\" \/><br \/><a role=\"button\" href=\"http:\/\/restaurant-am-wellenbad.de\/wp-content\/uploads\/2021\/07\/Getraenke_und_Speisekarte_Restaurant_am_Wellenbad.pdf\"><br \/>Speisekarte herunterladen<br \/><\/a><br \/><img loading=\"lazy\" src=\"http:\/\/restaurant-am-wellenbad.de\/wp-content\/uploads\/2021\/07\/IMG_20210622_192343-scaled.jpg\" sizes=\"(max-width: 2560px) 100vw, 2560px\" srcset=\"http:\/\/restaurant-am-wellenbad.de\/wp-content\/uploads\/2021\/07\/IMG_20210622_192343-scaled.jpg 2560w, http:\/\/restaurant-am-wellenbad.de\/wp-content\/uploads\/2021\/07\/IMG_20210622_192343-300x225.jpg 300w, http:\/\/restaurant-am-wellenbad.de\/wp-content\/uploads\/2021\/07\/IMG_20210622_192343-1024x768.jpg 1024w, http:\/\/restaurant-am-wellenbad.de\/wp-content\/uploads\/2021\/07\/IMG_20210622_192343-768x576.jpg 768w, http:\/\/restaurant-am-wellenbad.de\/wp-content\/uploads\/2021\/07\/IMG_20210622_192343-1536x1152.jpg 1536w, http:\/\/restaurant-am-wellenbad.de\/wp-content\/uploads\/2021\/07\/IMG_20210622_192343-2048x1536.jpg 2048w\" alt=\"\" width=\"2560\" height=\"1920\" \/><br \/><img loading=\"lazy\" src=\"http:\/\/restaurant-am-wellenbad.de\/wp-content\/uploads\/2021\/07\/IMG_20210622_192258-scaled.jpg\" sizes=\"(max-width: 2560px) 100vw, 2560px\" srcset=\"http:\/\/restaurant-am-wellenbad.de\/wp-content\/uploads\/2021\/07\/IMG_20210622_192258-scaled.jpg 2560w, http:\/\/restaurant-am-wellenbad.de\/wp-content\/uploads\/2021\/07\/IMG_20210622_192258-300x225.jpg 300w, http:\/\/restaurant-am-wellenbad.de\/wp-content\/uploads\/2021\/07\/IMG_20210622_192258-1024x768.jpg 1024w, http:\/\/restaurant-am-wellenbad.de\/wp-content\/uploads\/2021\/07\/IMG_20210622_192258-768x576.jpg 768w, http:\/\/restaurant-am-wellenbad.de\/wp-content\/uploads\/2021\/07\/IMG_20210622_192258-1536x1152.jpg 1536w, http:\/\/restaurant-am-wellenbad.de\/wp-content\/uploads\/2021\/07\/IMG_20210622_192258-2048x1536.jpg 2048w\" alt=\"\" width=\"2560\" height=\"1920\" \/><\/p><h2>Kegelbahn<\/h2><h2>let it roll!<\/h2><h2>In unserem Keller stehen vier Kegelbahnen f\u00fcr Sie bereit!<\/h2><p>Bei der Kegelbahn sind mehrere Tische, an denen Sie mit Ihren Freunden und Partnern essen und trinken k\u00f6nnen, w\u00e4hrend die Kugeln gerade rollen.<\/p><h2>Catering<\/h2><h2>Wir bieten mit Absprache auch einen Catering-Service an!<br \/>Rufen Sie uns daf\u00fcr unter der unten stehenden Nummer an<br \/>oder kommen sie einfach vorbei.<\/h2><h2>Reservieren Sie gleich!<\/h2><h2>Sie erreichen uns unter den<br \/>unten stehenden Kontaktdaten<br \/>oder kommen Sie doch vorbei<br \/>wir freuen uns auf Sie!<\/h2>\t\t\t\t\t\t<\/div>\n\t\t\t\t<\/div>\n\t\t\t\t\t<\/div>\n\t\t<\/div>\n\t\t\t\t\t\t\t<\/div>\n\t\t<\/section>\n\t\t\t\t\t\t<\/div>\n\t\t\t\t\t<\/div>\n\t\t","protected":false},"excerpt":{"rendered":"<p>Guten Tag!Willkommen auf unserer der Seite zum Restaurant am Ellwanger Wellenbad \u00d6ffnungszeiten! Wir sind, abgesehen von Montag, die ganze Woche f\u00fcr Sie da. Von Dienstag bis Samstag: immer von 17 Uhr bis 21 UhrSonn- und Feiertage: von 11 Uhr bis 21 Uhr Unser Men\u00fc Frisch f\u00fcr Sie zubereitet! Zur\u00fcckWeiter Hauptspeisen Panierte Schnitzel mit Pommes-Frites 13,90\u20ac [&hellip;]<\/p>\n","protected":false},"author":1,"featured_media":0,"parent":0,"menu_order":0,"comment_status":"closed","ping_status":"closed","template":"","meta":[],"_links":{"self":[{"href":"https:\/\/restaurant-am-wellenbad.de\/index.php\/wp-json\/wp\/v2\/pages\/140"}],"collection":[{"href":"https:\/\/restaurant-am-wellenbad.de\/index.php\/wp-json\/wp\/v2\/pages"}],"about":[{"href":"https:\/\/restaurant-am-wellenbad.de\/index.php\/wp-json\/wp\/v2\/types\/page"}],"author":[{"embeddable":true,"href":"https:\/\/restaurant-am-wellenbad.de\/index.php\/wp-json\/wp\/v2\/users\/1"}],"replies":[{"embeddable":true,"href":"https:\/\/restaurant-am-wellenbad.de\/index.php\/wp-json\/wp\/v2\/comments?post=140"}],"version-history":[{"count":62,"href":"https:\/\/restaurant-am-wellenbad.de\/index.php\/wp-json\/wp\/v2\/pages\/140\/revisions"}],"predecessor-version":[{"id":308,"href":"https:\/\/restaurant-am-wellenbad.de\/index.php\/wp-json\/wp\/v2\/pages\/140\/revisions\/308"}],"wp:attachment":[{"href":"https:\/\/restaurant-am-wellenbad.de\/index.php\/wp-json\/wp\/v2\/media?parent=140"}],"curies":[{"name":"wp","href":"https:\/\/api.w.org\/{rel}","templated":true}]}}